{"id":11651,"date":"2022-07-05T13:39:18","date_gmt":"2022-07-05T11:39:18","guid":{"rendered":"https:\/\/www.pure-original.com\/?page_id=11651"},"modified":"2023-04-21T13:00:04","modified_gmt":"2023-04-21T11:00:04","slug":"colour-collection-cosmopolitan-chique","status":"publish","type":"page","link":"https:\/\/www.pure-original.com\/fr\/colour-collection-cosmopolitan-chique\/","title":{"rendered":"Colour Collection &#8211; Cosmopolitan Chique"},"content":{"rendered":"","protected":false},"excerpt":{"rendered":"","protected":false},"author":7,"featured_media":9158,"parent":0,"menu_order":0,"comment_status":"closed","ping_status":"closed","template":"","meta":{"_acf_changed":false,"footnotes":"","_wp_rev_ctl_limit":""},"class_list":["post-11651","page","type-page","status-publish","has-post-thumbnail","hentry"],"acf":[],"yoast_head":"<!-- This site is optimized with the Yoast SEO plugin v27.2 - https:\/\/yoast.com\/product\/yoast-seo-wordpress\/ -->\n<title>Colour Collection - Cosmopolitan Chique - Pure &amp; Original<\/title>\n<meta name=\"description\" content=\"Cosmopolitan Chic - une variation du rose tendre, du violet fonc\u00e9, du rouge lisse comme un miroir, \u00e0 toute une gamme de nuances bleues \u00e0 l&#039;aspect b\u00e9ton.\" \/>\n<meta name=\"robots\" content=\"index, follow, max-snippet:-1, max-image-preview:large, max-video-preview:-1\" \/>\n<link rel=\"canonical\" href=\"https:\/\/www.pure-original.com\/fr\/colour-collection-cosmopolitan-chique\/\" \/>\n<meta property=\"og:locale\" content=\"fr_FR\" \/>\n<meta property=\"og:type\" content=\"article\" \/>\n<meta property=\"og:title\" content=\"Colour Collection - Cosmopolitan Chique - Pure &amp; Original\" \/>\n<meta property=\"og:description\" content=\"Cosmopolitan Chic - une variation du rose tendre, du violet fonc\u00e9, du rouge lisse comme un miroir, \u00e0 toute une gamme de nuances bleues \u00e0 l&#039;aspect b\u00e9ton.\" \/>\n<meta property=\"og:url\" content=\"https:\/\/www.pure-original.com\/fr\/colour-collection-cosmopolitan-chique\/\" \/>\n<meta property=\"og:site_name\" content=\"Pure &amp; Original\" \/>\n<meta property=\"article:modified_time\" content=\"2023-04-21T11:00:04+00:00\" \/>\n<meta property=\"og:image\" content=\"https:\/\/cdn.diffuse.nl\/pure-original\/uploads\/2022\/05\/Skin-Powder-Classico-chalk-based-paint-Margaret-de-Lange-pure-original-2-scaled-e1651846007887.jpg\" \/>\n\t<meta property=\"og:image:width\" content=\"1932\" \/>\n\t<meta property=\"og:image:height\" content=\"2041\" \/>\n\t<meta property=\"og:image:type\" content=\"image\/jpeg\" \/>\n<meta name=\"twitter:card\" content=\"summary_large_image\" \/>\n<script type=\"application\/ld+json\" class=\"yoast-schema-graph\">{\"@context\":\"https:\/\/schema.org\",\"@graph\":[{\"@type\":\"WebPage\",\"@id\":\"https:\/\/www.pure-original.com\/fr\/colour-collection-cosmopolitan-chique\/\",\"url\":\"https:\/\/www.pure-original.com\/fr\/colour-collection-cosmopolitan-chique\/\",\"name\":\"Colour Collection - Cosmopolitan Chique - Pure &amp; Original\",\"isPartOf\":{\"@id\":\"https:\/\/www.pure-original.com\/#website\"},\"primaryImageOfPage\":{\"@id\":\"https:\/\/www.pure-original.com\/fr\/colour-collection-cosmopolitan-chique\/#primaryimage\"},\"image\":{\"@id\":\"https:\/\/www.pure-original.com\/fr\/colour-collection-cosmopolitan-chique\/#primaryimage\"},\"thumbnailUrl\":\"https:\/\/cdn.diffuse.nl\/pure-original\/uploads\/2022\/05\/Skin-Powder-Classico-chalk-based-paint-Margaret-de-Lange-pure-original-2-scaled-e1651846007887.jpg\",\"datePublished\":\"2022-07-05T11:39:18+00:00\",\"dateModified\":\"2023-04-21T11:00:04+00:00\",\"description\":\"Cosmopolitan Chic - une variation du rose tendre, du violet fonc\u00e9, du rouge lisse comme un miroir, \u00e0 toute une gamme de nuances bleues \u00e0 l'aspect b\u00e9ton.\",\"breadcrumb\":{\"@id\":\"https:\/\/www.pure-original.com\/fr\/colour-collection-cosmopolitan-chique\/#breadcrumb\"},\"inLanguage\":\"fr-FR\",\"potentialAction\":[{\"@type\":\"ReadAction\",\"target\":[\"https:\/\/www.pure-original.com\/fr\/colour-collection-cosmopolitan-chique\/\"]}]},{\"@type\":\"ImageObject\",\"inLanguage\":\"fr-FR\",\"@id\":\"https:\/\/www.pure-original.com\/fr\/colour-collection-cosmopolitan-chique\/#primaryimage\",\"url\":\"https:\/\/cdn.diffuse.nl\/pure-original\/uploads\/2022\/05\/Skin-Powder-Classico-chalk-based-paint-Margaret-de-Lange-pure-original-2-scaled-e1651846007887.jpg\",\"contentUrl\":\"https:\/\/cdn.diffuse.nl\/pure-original\/uploads\/2022\/05\/Skin-Powder-Classico-chalk-based-paint-Margaret-de-Lange-pure-original-2-scaled-e1651846007887.jpg\",\"width\":1932,\"height\":2041,\"caption\":\"Classico Skin Powder & Landscape Licetto Old Wine Traditional Paint Brown-Red Credits: KOI Colour Studio, Margaret de Lange, Kirsten Visdal\"},{\"@type\":\"BreadcrumbList\",\"@id\":\"https:\/\/www.pure-original.com\/fr\/colour-collection-cosmopolitan-chique\/#breadcrumb\",\"itemListElement\":[{\"@type\":\"ListItem\",\"position\":1,\"name\":\"Home\",\"item\":\"https:\/\/www.pure-original.com\/fr\/\"},{\"@type\":\"ListItem\",\"position\":2,\"name\":\"Colour Collection &#8211; Cosmopolitan Chique\"}]},{\"@type\":\"WebSite\",\"@id\":\"https:\/\/www.pure-original.com\/#website\",\"url\":\"https:\/\/www.pure-original.com\/\",\"name\":\"Pure &amp; Original\",\"description\":\"Duurzame en ecologische verf\",\"publisher\":{\"@id\":\"https:\/\/www.pure-original.com\/#organization\"},\"potentialAction\":[{\"@type\":\"SearchAction\",\"target\":{\"@type\":\"EntryPoint\",\"urlTemplate\":\"https:\/\/www.pure-original.com\/?s={search_term_string}\"},\"query-input\":{\"@type\":\"PropertyValueSpecification\",\"valueRequired\":true,\"valueName\":\"search_term_string\"}}],\"inLanguage\":\"fr-FR\"},{\"@type\":\"Organization\",\"@id\":\"https:\/\/www.pure-original.com\/#organization\",\"name\":\"Pure & Original\",\"url\":\"https:\/\/www.pure-original.com\/\",\"logo\":{\"@type\":\"ImageObject\",\"inLanguage\":\"fr-FR\",\"@id\":\"https:\/\/www.pure-original.com\/#\/schema\/logo\/image\/\",\"url\":\"https:\/\/cdn.diffuse.nl\/pure-original\/uploads\/2022\/10\/pure-original-logo.jpg\",\"contentUrl\":\"https:\/\/cdn.diffuse.nl\/pure-original\/uploads\/2022\/10\/pure-original-logo.jpg\",\"width\":1200,\"height\":630,\"caption\":\"Pure & Original\"},\"image\":{\"@id\":\"https:\/\/www.pure-original.com\/#\/schema\/logo\/image\/\"}}]}<\/script>\n<!-- \/ Yoast SEO plugin. -->","yoast_head_json":{"title":"Colour Collection - Cosmopolitan Chique - Pure &amp; Original","description":"Cosmopolitan Chic - une variation du rose tendre, du violet fonc\u00e9, du rouge lisse comme un miroir, \u00e0 toute une gamme de nuances bleues \u00e0 l'aspect b\u00e9ton.","robots":{"index":"index","follow":"follow","max-snippet":"max-snippet:-1","max-image-preview":"max-image-preview:large","max-video-preview":"max-video-preview:-1"},"canonical":"https:\/\/www.pure-original.com\/fr\/colour-collection-cosmopolitan-chique\/","og_locale":"fr_FR","og_type":"article","og_title":"Colour Collection - Cosmopolitan Chique - Pure &amp; Original","og_description":"Cosmopolitan Chic - une variation du rose tendre, du violet fonc\u00e9, du rouge lisse comme un miroir, \u00e0 toute une gamme de nuances bleues \u00e0 l'aspect b\u00e9ton.","og_url":"https:\/\/www.pure-original.com\/fr\/colour-collection-cosmopolitan-chique\/","og_site_name":"Pure &amp; Original","article_modified_time":"2023-04-21T11:00:04+00:00","og_image":[{"width":1932,"height":2041,"url":"https:\/\/cdn.diffuse.nl\/pure-original\/uploads\/2022\/05\/Skin-Powder-Classico-chalk-based-paint-Margaret-de-Lange-pure-original-2-scaled-e1651846007887.jpg","type":"image\/jpeg"}],"twitter_card":"summary_large_image","schema":{"@context":"https:\/\/schema.org","@graph":[{"@type":"WebPage","@id":"https:\/\/www.pure-original.com\/fr\/colour-collection-cosmopolitan-chique\/","url":"https:\/\/www.pure-original.com\/fr\/colour-collection-cosmopolitan-chique\/","name":"Colour Collection - Cosmopolitan Chique - Pure &amp; Original","isPartOf":{"@id":"https:\/\/www.pure-original.com\/#website"},"primaryImageOfPage":{"@id":"https:\/\/www.pure-original.com\/fr\/colour-collection-cosmopolitan-chique\/#primaryimage"},"image":{"@id":"https:\/\/www.pure-original.com\/fr\/colour-collection-cosmopolitan-chique\/#primaryimage"},"thumbnailUrl":"https:\/\/cdn.diffuse.nl\/pure-original\/uploads\/2022\/05\/Skin-Powder-Classico-chalk-based-paint-Margaret-de-Lange-pure-original-2-scaled-e1651846007887.jpg","datePublished":"2022-07-05T11:39:18+00:00","dateModified":"2023-04-21T11:00:04+00:00","description":"Cosmopolitan Chic - une variation du rose tendre, du violet fonc\u00e9, du rouge lisse comme un miroir, \u00e0 toute une gamme de nuances bleues \u00e0 l'aspect b\u00e9ton.","breadcrumb":{"@id":"https:\/\/www.pure-original.com\/fr\/colour-collection-cosmopolitan-chique\/#breadcrumb"},"inLanguage":"fr-FR","potentialAction":[{"@type":"ReadAction","target":["https:\/\/www.pure-original.com\/fr\/colour-collection-cosmopolitan-chique\/"]}]},{"@type":"ImageObject","inLanguage":"fr-FR","@id":"https:\/\/www.pure-original.com\/fr\/colour-collection-cosmopolitan-chique\/#primaryimage","url":"https:\/\/cdn.diffuse.nl\/pure-original\/uploads\/2022\/05\/Skin-Powder-Classico-chalk-based-paint-Margaret-de-Lange-pure-original-2-scaled-e1651846007887.jpg","contentUrl":"https:\/\/cdn.diffuse.nl\/pure-original\/uploads\/2022\/05\/Skin-Powder-Classico-chalk-based-paint-Margaret-de-Lange-pure-original-2-scaled-e1651846007887.jpg","width":1932,"height":2041,"caption":"Classico Skin Powder & Landscape Licetto Old Wine Traditional Paint Brown-Red Credits: KOI Colour Studio, Margaret de Lange, Kirsten Visdal"},{"@type":"BreadcrumbList","@id":"https:\/\/www.pure-original.com\/fr\/colour-collection-cosmopolitan-chique\/#breadcrumb","itemListElement":[{"@type":"ListItem","position":1,"name":"Home","item":"https:\/\/www.pure-original.com\/fr\/"},{"@type":"ListItem","position":2,"name":"Colour Collection &#8211; Cosmopolitan Chique"}]},{"@type":"WebSite","@id":"https:\/\/www.pure-original.com\/#website","url":"https:\/\/www.pure-original.com\/","name":"Pure &amp; Original","description":"Duurzame en ecologische verf","publisher":{"@id":"https:\/\/www.pure-original.com\/#organization"},"potentialAction":[{"@type":"SearchAction","target":{"@type":"EntryPoint","urlTemplate":"https:\/\/www.pure-original.com\/?s={search_term_string}"},"query-input":{"@type":"PropertyValueSpecification","valueRequired":true,"valueName":"search_term_string"}}],"inLanguage":"fr-FR"},{"@type":"Organization","@id":"https:\/\/www.pure-original.com\/#organization","name":"Pure & Original","url":"https:\/\/www.pure-original.com\/","logo":{"@type":"ImageObject","inLanguage":"fr-FR","@id":"https:\/\/www.pure-original.com\/#\/schema\/logo\/image\/","url":"https:\/\/cdn.diffuse.nl\/pure-original\/uploads\/2022\/10\/pure-original-logo.jpg","contentUrl":"https:\/\/cdn.diffuse.nl\/pure-original\/uploads\/2022\/10\/pure-original-logo.jpg","width":1200,"height":630,"caption":"Pure & Original"},"image":{"@id":"https:\/\/www.pure-original.com\/#\/schema\/logo\/image\/"}}]}},"_links":{"self":[{"href":"https:\/\/www.pure-original.com\/fr\/wp-json\/wp\/v2\/pages\/11651","targetHints":{"allow":["GET"]}}],"collection":[{"href":"https:\/\/www.pure-original.com\/fr\/wp-json\/wp\/v2\/pages"}],"about":[{"href":"https:\/\/www.pure-original.com\/fr\/wp-json\/wp\/v2\/types\/page"}],"author":[{"embeddable":true,"href":"https:\/\/www.pure-original.com\/fr\/wp-json\/wp\/v2\/users\/7"}],"replies":[{"embeddable":true,"href":"https:\/\/www.pure-original.com\/fr\/wp-json\/wp\/v2\/comments?post=11651"}],"version-history":[{"count":3,"href":"https:\/\/www.pure-original.com\/fr\/wp-json\/wp\/v2\/pages\/11651\/revisions"}],"predecessor-version":[{"id":26245,"href":"https:\/\/www.pure-original.com\/fr\/wp-json\/wp\/v2\/pages\/11651\/revisions\/26245"}],"wp:featuredmedia":[{"embeddable":true,"href":"https:\/\/www.pure-original.com\/fr\/wp-json\/wp\/v2\/media\/9158"}],"wp:attachment":[{"href":"https:\/\/www.pure-original.com\/fr\/wp-json\/wp\/v2\/media?parent=11651"}],"curies":[{"name":"wp","href":"https:\/\/api.w.org\/{rel}","templated":true}]}}