{"id":11202,"date":"2022-06-27T11:11:31","date_gmt":"2022-06-27T09:11:31","guid":{"rendered":"https:\/\/www.pure-original.com\/?page_id=11202"},"modified":"2023-05-03T12:03:56","modified_gmt":"2023-05-03T10:03:56","slug":"usine","status":"publish","type":"page","link":"https:\/\/www.pure-original.com\/fr\/usine\/","title":{"rendered":"Usine"},"content":{"rendered":"","protected":false},"excerpt":{"rendered":"","protected":false},"author":7,"featured_media":9353,"parent":0,"menu_order":0,"comment_status":"closed","ping_status":"closed","template":"","meta":{"_acf_changed":false,"footnotes":"","_wp_rev_ctl_limit":""},"class_list":["post-11202","page","type-page","status-publish","has-post-thumbnail","hentry"],"acf":[],"yoast_head":"<!-- This site is optimized with the Yoast SEO plugin v27.5 - https:\/\/yoast.com\/product\/yoast-seo-wordpress\/ -->\n<title>Bienvenue \u00e0 l&#039;usine de peinture - Pure &amp; Original<\/title>\n<meta name=\"description\" content=\"Pure &amp; Original fournit diff\u00e9rents types de laques et de peintures, fabriqu\u00e9s de mani\u00e8re authentique \u00e0 partir de mati\u00e8res premi\u00e8res respectueuses de l&#039;environnement. Jetez un \u0153il \u00e0 l&#039;int\u00e9rieur de l&#039;usine.\" \/>\n<meta name=\"robots\" content=\"index, follow, max-snippet:-1, max-image-preview:large, max-video-preview:-1\" \/>\n<link rel=\"canonical\" href=\"https:\/\/www.pure-original.com\/fr\/usine\/\" \/>\n<meta property=\"og:locale\" content=\"fr_FR\" \/>\n<meta property=\"og:type\" content=\"article\" \/>\n<meta property=\"og:title\" content=\"Bienvenue \u00e0 l&#039;usine de peinture - Pure &amp; Original\" \/>\n<meta property=\"og:description\" content=\"Pure &amp; Original fournit diff\u00e9rents types de laques et de peintures, fabriqu\u00e9s de mani\u00e8re authentique \u00e0 partir de mati\u00e8res premi\u00e8res respectueuses de l&#039;environnement. Jetez un \u0153il \u00e0 l&#039;int\u00e9rieur de l&#039;usine.\" \/>\n<meta property=\"og:url\" content=\"https:\/\/www.pure-original.com\/fr\/usine\/\" \/>\n<meta property=\"og:site_name\" content=\"Pure &amp; Original\" \/>\n<meta property=\"article:modified_time\" content=\"2023-05-03T10:03:56+00:00\" \/>\n<meta property=\"og:image\" content=\"https:\/\/cdn.diffuse.nl\/pure-original\/uploads\/2022\/05\/NA-NA-Iris-Floor-pure-original_19-scaled.jpg\" \/>\n\t<meta property=\"og:image:width\" content=\"2560\" \/>\n\t<meta property=\"og:image:height\" content=\"1707\" \/>\n\t<meta property=\"og:image:type\" content=\"image\/jpeg\" \/>\n<meta name=\"twitter:card\" content=\"summary_large_image\" \/>\n<script type=\"application\/ld+json\" class=\"yoast-schema-graph\">{\"@context\":\"https:\\\/\\\/schema.org\",\"@graph\":[{\"@type\":\"WebPage\",\"@id\":\"https:\\\/\\\/www.pure-original.com\\\/fr\\\/usine\\\/\",\"url\":\"https:\\\/\\\/www.pure-original.com\\\/fr\\\/usine\\\/\",\"name\":\"Bienvenue \u00e0 l'usine de peinture - Pure & Original\",\"isPartOf\":{\"@id\":\"https:\\\/\\\/www.pure-original.com\\\/#website\"},\"primaryImageOfPage\":{\"@id\":\"https:\\\/\\\/www.pure-original.com\\\/fr\\\/usine\\\/#primaryimage\"},\"image\":{\"@id\":\"https:\\\/\\\/www.pure-original.com\\\/fr\\\/usine\\\/#primaryimage\"},\"thumbnailUrl\":\"https:\\\/\\\/cdn.diffuse.nl\\\/pure-original\\\/uploads\\\/2022\\\/05\\\/NA-NA-Iris-Floor-pure-original_19-scaled.jpg\",\"datePublished\":\"2022-06-27T09:11:31+00:00\",\"dateModified\":\"2023-05-03T10:03:56+00:00\",\"description\":\"Pure & Original fournit diff\u00e9rents types de laques et de peintures, fabriqu\u00e9s de mani\u00e8re authentique \u00e0 partir de mati\u00e8res premi\u00e8res respectueuses de l'environnement. Jetez un \u0153il \u00e0 l'int\u00e9rieur de l'usine.\",\"breadcrumb\":{\"@id\":\"https:\\\/\\\/www.pure-original.com\\\/fr\\\/usine\\\/#breadcrumb\"},\"inLanguage\":\"fr-FR\",\"potentialAction\":[{\"@type\":\"ReadAction\",\"target\":[\"https:\\\/\\\/www.pure-original.com\\\/fr\\\/usine\\\/\"]}]},{\"@type\":\"ImageObject\",\"inLanguage\":\"fr-FR\",\"@id\":\"https:\\\/\\\/www.pure-original.com\\\/fr\\\/usine\\\/#primaryimage\",\"url\":\"https:\\\/\\\/cdn.diffuse.nl\\\/pure-original\\\/uploads\\\/2022\\\/05\\\/NA-NA-Iris-Floor-pure-original_19-scaled.jpg\",\"contentUrl\":\"https:\\\/\\\/cdn.diffuse.nl\\\/pure-original\\\/uploads\\\/2022\\\/05\\\/NA-NA-Iris-Floor-pure-original_19-scaled.jpg\",\"width\":2560,\"height\":1707},{\"@type\":\"BreadcrumbList\",\"@id\":\"https:\\\/\\\/www.pure-original.com\\\/fr\\\/usine\\\/#breadcrumb\",\"itemListElement\":[{\"@type\":\"ListItem\",\"position\":1,\"name\":\"Home\",\"item\":\"https:\\\/\\\/www.pure-original.com\\\/fr\\\/\"},{\"@type\":\"ListItem\",\"position\":2,\"name\":\"Usine\"}]},{\"@type\":\"WebSite\",\"@id\":\"https:\\\/\\\/www.pure-original.com\\\/#website\",\"url\":\"https:\\\/\\\/www.pure-original.com\\\/\",\"name\":\"Pure &amp; Original\",\"description\":\"Duurzame en ecologische verf\",\"publisher\":{\"@id\":\"https:\\\/\\\/www.pure-original.com\\\/#organization\"},\"potentialAction\":[{\"@type\":\"SearchAction\",\"target\":{\"@type\":\"EntryPoint\",\"urlTemplate\":\"https:\\\/\\\/www.pure-original.com\\\/?s={search_term_string}\"},\"query-input\":{\"@type\":\"PropertyValueSpecification\",\"valueRequired\":true,\"valueName\":\"search_term_string\"}}],\"inLanguage\":\"fr-FR\"},{\"@type\":\"Organization\",\"@id\":\"https:\\\/\\\/www.pure-original.com\\\/#organization\",\"name\":\"Pure & Original\",\"url\":\"https:\\\/\\\/www.pure-original.com\\\/\",\"logo\":{\"@type\":\"ImageObject\",\"inLanguage\":\"fr-FR\",\"@id\":\"https:\\\/\\\/www.pure-original.com\\\/#\\\/schema\\\/logo\\\/image\\\/\",\"url\":\"https:\\\/\\\/cdn.diffuse.nl\\\/pure-original\\\/uploads\\\/2022\\\/10\\\/pure-original-logo.jpg\",\"contentUrl\":\"https:\\\/\\\/cdn.diffuse.nl\\\/pure-original\\\/uploads\\\/2022\\\/10\\\/pure-original-logo.jpg\",\"width\":1200,\"height\":630,\"caption\":\"Pure & Original\"},\"image\":{\"@id\":\"https:\\\/\\\/www.pure-original.com\\\/#\\\/schema\\\/logo\\\/image\\\/\"}}]}<\/script>\n<!-- \/ Yoast SEO plugin. -->","yoast_head_json":{"title":"Bienvenue \u00e0 l'usine de peinture - Pure & Original","description":"Pure & Original fournit diff\u00e9rents types de laques et de peintures, fabriqu\u00e9s de mani\u00e8re authentique \u00e0 partir de mati\u00e8res premi\u00e8res respectueuses de l'environnement. Jetez un \u0153il \u00e0 l'int\u00e9rieur de l'usine.","robots":{"index":"index","follow":"follow","max-snippet":"max-snippet:-1","max-image-preview":"max-image-preview:large","max-video-preview":"max-video-preview:-1"},"canonical":"https:\/\/www.pure-original.com\/fr\/usine\/","og_locale":"fr_FR","og_type":"article","og_title":"Bienvenue \u00e0 l'usine de peinture - Pure & Original","og_description":"Pure & Original fournit diff\u00e9rents types de laques et de peintures, fabriqu\u00e9s de mani\u00e8re authentique \u00e0 partir de mati\u00e8res premi\u00e8res respectueuses de l'environnement. Jetez un \u0153il \u00e0 l'int\u00e9rieur de l'usine.","og_url":"https:\/\/www.pure-original.com\/fr\/usine\/","og_site_name":"Pure &amp; Original","article_modified_time":"2023-05-03T10:03:56+00:00","og_image":[{"width":2560,"height":1707,"url":"https:\/\/cdn.diffuse.nl\/pure-original\/uploads\/2022\/05\/NA-NA-Iris-Floor-pure-original_19-scaled.jpg","type":"image\/jpeg"}],"twitter_card":"summary_large_image","schema":{"@context":"https:\/\/schema.org","@graph":[{"@type":"WebPage","@id":"https:\/\/www.pure-original.com\/fr\/usine\/","url":"https:\/\/www.pure-original.com\/fr\/usine\/","name":"Bienvenue \u00e0 l'usine de peinture - Pure & Original","isPartOf":{"@id":"https:\/\/www.pure-original.com\/#website"},"primaryImageOfPage":{"@id":"https:\/\/www.pure-original.com\/fr\/usine\/#primaryimage"},"image":{"@id":"https:\/\/www.pure-original.com\/fr\/usine\/#primaryimage"},"thumbnailUrl":"https:\/\/cdn.diffuse.nl\/pure-original\/uploads\/2022\/05\/NA-NA-Iris-Floor-pure-original_19-scaled.jpg","datePublished":"2022-06-27T09:11:31+00:00","dateModified":"2023-05-03T10:03:56+00:00","description":"Pure & Original fournit diff\u00e9rents types de laques et de peintures, fabriqu\u00e9s de mani\u00e8re authentique \u00e0 partir de mati\u00e8res premi\u00e8res respectueuses de l'environnement. Jetez un \u0153il \u00e0 l'int\u00e9rieur de l'usine.","breadcrumb":{"@id":"https:\/\/www.pure-original.com\/fr\/usine\/#breadcrumb"},"inLanguage":"fr-FR","potentialAction":[{"@type":"ReadAction","target":["https:\/\/www.pure-original.com\/fr\/usine\/"]}]},{"@type":"ImageObject","inLanguage":"fr-FR","@id":"https:\/\/www.pure-original.com\/fr\/usine\/#primaryimage","url":"https:\/\/cdn.diffuse.nl\/pure-original\/uploads\/2022\/05\/NA-NA-Iris-Floor-pure-original_19-scaled.jpg","contentUrl":"https:\/\/cdn.diffuse.nl\/pure-original\/uploads\/2022\/05\/NA-NA-Iris-Floor-pure-original_19-scaled.jpg","width":2560,"height":1707},{"@type":"BreadcrumbList","@id":"https:\/\/www.pure-original.com\/fr\/usine\/#breadcrumb","itemListElement":[{"@type":"ListItem","position":1,"name":"Home","item":"https:\/\/www.pure-original.com\/fr\/"},{"@type":"ListItem","position":2,"name":"Usine"}]},{"@type":"WebSite","@id":"https:\/\/www.pure-original.com\/#website","url":"https:\/\/www.pure-original.com\/","name":"Pure &amp; Original","description":"Duurzame en ecologische verf","publisher":{"@id":"https:\/\/www.pure-original.com\/#organization"},"potentialAction":[{"@type":"SearchAction","target":{"@type":"EntryPoint","urlTemplate":"https:\/\/www.pure-original.com\/?s={search_term_string}"},"query-input":{"@type":"PropertyValueSpecification","valueRequired":true,"valueName":"search_term_string"}}],"inLanguage":"fr-FR"},{"@type":"Organization","@id":"https:\/\/www.pure-original.com\/#organization","name":"Pure & Original","url":"https:\/\/www.pure-original.com\/","logo":{"@type":"ImageObject","inLanguage":"fr-FR","@id":"https:\/\/www.pure-original.com\/#\/schema\/logo\/image\/","url":"https:\/\/cdn.diffuse.nl\/pure-original\/uploads\/2022\/10\/pure-original-logo.jpg","contentUrl":"https:\/\/cdn.diffuse.nl\/pure-original\/uploads\/2022\/10\/pure-original-logo.jpg","width":1200,"height":630,"caption":"Pure & Original"},"image":{"@id":"https:\/\/www.pure-original.com\/#\/schema\/logo\/image\/"}}]}},"_links":{"self":[{"href":"https:\/\/www.pure-original.com\/fr\/wp-json\/wp\/v2\/pages\/11202","targetHints":{"allow":["GET"]}}],"collection":[{"href":"https:\/\/www.pure-original.com\/fr\/wp-json\/wp\/v2\/pages"}],"about":[{"href":"https:\/\/www.pure-original.com\/fr\/wp-json\/wp\/v2\/types\/page"}],"author":[{"embeddable":true,"href":"https:\/\/www.pure-original.com\/fr\/wp-json\/wp\/v2\/users\/7"}],"replies":[{"embeddable":true,"href":"https:\/\/www.pure-original.com\/fr\/wp-json\/wp\/v2\/comments?post=11202"}],"version-history":[{"count":3,"href":"https:\/\/www.pure-original.com\/fr\/wp-json\/wp\/v2\/pages\/11202\/revisions"}],"predecessor-version":[{"id":26672,"href":"https:\/\/www.pure-original.com\/fr\/wp-json\/wp\/v2\/pages\/11202\/revisions\/26672"}],"wp:featuredmedia":[{"embeddable":true,"href":"https:\/\/www.pure-original.com\/fr\/wp-json\/wp\/v2\/media\/9353"}],"wp:attachment":[{"href":"https:\/\/www.pure-original.com\/fr\/wp-json\/wp\/v2\/media?parent=11202"}],"curies":[{"name":"wp","href":"https:\/\/api.w.org\/{rel}","templated":true}]}}