{"id":11178,"date":"2022-06-27T07:38:50","date_gmt":"2022-06-27T05:38:50","guid":{"rendered":"https:\/\/www.pure-original.com\/?page_id=11178"},"modified":"2023-05-08T13:00:59","modified_gmt":"2023-05-08T11:00:59","slug":"produits-preparatoires","status":"publish","type":"page","link":"https:\/\/www.pure-original.com\/fr\/produits-preparatoires\/","title":{"rendered":"Produits de peintures pr\u00e9paratoires"},"content":{"rendered":"","protected":false},"excerpt":{"rendered":"","protected":false},"author":7,"featured_media":7742,"parent":0,"menu_order":0,"comment_status":"closed","ping_status":"closed","template":"","meta":{"_acf_changed":false,"footnotes":"","_wp_rev_ctl_limit":""},"class_list":["post-11178","page","type-page","status-publish","has-post-thumbnail","hentry"],"acf":[],"yoast_head":"<!-- This site is optimized with the Yoast SEO plugin v27.5 - https:\/\/yoast.com\/product\/yoast-seo-wordpress\/ -->\n<title>Produits de peinture pr\u00e9paratoire - Pure &amp; Original<\/title>\n<meta name=\"description\" content=\"Avant d&#039;appliquer de la peinture pour sol, de la peinture \u00e0 la craie, de la peinture \u00e0 la chaux ou de la peinture de fa\u00e7ade, il est important de pr\u00e9parer les surfaces. Voir nos sp\u00e9ciaux.\" \/>\n<meta name=\"robots\" content=\"index, follow, max-snippet:-1, max-image-preview:large, max-video-preview:-1\" \/>\n<link rel=\"canonical\" href=\"https:\/\/www.pure-original.com\/fr\/produits-preparatoires\/\" \/>\n<meta property=\"og:locale\" content=\"fr_FR\" \/>\n<meta property=\"og:type\" content=\"article\" \/>\n<meta property=\"og:title\" content=\"Produits de peinture pr\u00e9paratoire - Pure &amp; Original\" \/>\n<meta property=\"og:description\" content=\"Avant d&#039;appliquer de la peinture pour sol, de la peinture \u00e0 la craie, de la peinture \u00e0 la chaux ou de la peinture de fa\u00e7ade, il est important de pr\u00e9parer les surfaces. Voir nos sp\u00e9ciaux.\" \/>\n<meta property=\"og:url\" content=\"https:\/\/www.pure-original.com\/fr\/produits-preparatoires\/\" \/>\n<meta property=\"og:site_name\" content=\"Pure &amp; Original\" \/>\n<meta property=\"article:modified_time\" content=\"2023-05-08T11:00:59+00:00\" \/>\n<meta property=\"og:image\" content=\"https:\/\/cdn.diffuse.nl\/pure-original\/uploads\/2019\/08\/Calm-Licetto-Evelyne-Bok-004463-scaled.jpg\" \/>\n\t<meta property=\"og:image:width\" content=\"1707\" \/>\n\t<meta property=\"og:image:height\" content=\"2560\" \/>\n\t<meta property=\"og:image:type\" content=\"image\/jpeg\" \/>\n<meta name=\"twitter:card\" content=\"summary_large_image\" \/>\n<script type=\"application\/ld+json\" class=\"yoast-schema-graph\">{\"@context\":\"https:\\\/\\\/schema.org\",\"@graph\":[{\"@type\":\"WebPage\",\"@id\":\"https:\\\/\\\/www.pure-original.com\\\/fr\\\/produits-preparatoires\\\/\",\"url\":\"https:\\\/\\\/www.pure-original.com\\\/fr\\\/produits-preparatoires\\\/\",\"name\":\"Produits de peinture pr\u00e9paratoire - Pure & Original\",\"isPartOf\":{\"@id\":\"https:\\\/\\\/www.pure-original.com\\\/#website\"},\"primaryImageOfPage\":{\"@id\":\"https:\\\/\\\/www.pure-original.com\\\/fr\\\/produits-preparatoires\\\/#primaryimage\"},\"image\":{\"@id\":\"https:\\\/\\\/www.pure-original.com\\\/fr\\\/produits-preparatoires\\\/#primaryimage\"},\"thumbnailUrl\":\"https:\\\/\\\/cdn.diffuse.nl\\\/pure-original\\\/uploads\\\/2019\\\/08\\\/Calm-Licetto-Evelyne-Bok-004463-scaled.jpg\",\"datePublished\":\"2022-06-27T05:38:50+00:00\",\"dateModified\":\"2023-05-08T11:00:59+00:00\",\"description\":\"Avant d'appliquer de la peinture pour sol, de la peinture \u00e0 la craie, de la peinture \u00e0 la chaux ou de la peinture de fa\u00e7ade, il est important de pr\u00e9parer les surfaces. Voir nos sp\u00e9ciaux.\",\"breadcrumb\":{\"@id\":\"https:\\\/\\\/www.pure-original.com\\\/fr\\\/produits-preparatoires\\\/#breadcrumb\"},\"inLanguage\":\"fr-FR\",\"potentialAction\":[{\"@type\":\"ReadAction\",\"target\":[\"https:\\\/\\\/www.pure-original.com\\\/fr\\\/produits-preparatoires\\\/\"]}]},{\"@type\":\"ImageObject\",\"inLanguage\":\"fr-FR\",\"@id\":\"https:\\\/\\\/www.pure-original.com\\\/fr\\\/produits-preparatoires\\\/#primaryimage\",\"url\":\"https:\\\/\\\/cdn.diffuse.nl\\\/pure-original\\\/uploads\\\/2019\\\/08\\\/Calm-Licetto-Evelyne-Bok-004463-scaled.jpg\",\"contentUrl\":\"https:\\\/\\\/cdn.diffuse.nl\\\/pure-original\\\/uploads\\\/2019\\\/08\\\/Calm-Licetto-Evelyne-Bok-004463-scaled.jpg\",\"width\":1707,\"height\":2560,\"caption\":\"Licetto Calm Credits: Evelyne Bok\"},{\"@type\":\"BreadcrumbList\",\"@id\":\"https:\\\/\\\/www.pure-original.com\\\/fr\\\/produits-preparatoires\\\/#breadcrumb\",\"itemListElement\":[{\"@type\":\"ListItem\",\"position\":1,\"name\":\"Home\",\"item\":\"https:\\\/\\\/www.pure-original.com\\\/fr\\\/\"},{\"@type\":\"ListItem\",\"position\":2,\"name\":\"Produits de peintures pr\u00e9paratoires\"}]},{\"@type\":\"WebSite\",\"@id\":\"https:\\\/\\\/www.pure-original.com\\\/#website\",\"url\":\"https:\\\/\\\/www.pure-original.com\\\/\",\"name\":\"Pure &amp; Original\",\"description\":\"Duurzame en ecologische verf\",\"publisher\":{\"@id\":\"https:\\\/\\\/www.pure-original.com\\\/#organization\"},\"potentialAction\":[{\"@type\":\"SearchAction\",\"target\":{\"@type\":\"EntryPoint\",\"urlTemplate\":\"https:\\\/\\\/www.pure-original.com\\\/?s={search_term_string}\"},\"query-input\":{\"@type\":\"PropertyValueSpecification\",\"valueRequired\":true,\"valueName\":\"search_term_string\"}}],\"inLanguage\":\"fr-FR\"},{\"@type\":\"Organization\",\"@id\":\"https:\\\/\\\/www.pure-original.com\\\/#organization\",\"name\":\"Pure & Original\",\"url\":\"https:\\\/\\\/www.pure-original.com\\\/\",\"logo\":{\"@type\":\"ImageObject\",\"inLanguage\":\"fr-FR\",\"@id\":\"https:\\\/\\\/www.pure-original.com\\\/#\\\/schema\\\/logo\\\/image\\\/\",\"url\":\"https:\\\/\\\/cdn.diffuse.nl\\\/pure-original\\\/uploads\\\/2022\\\/10\\\/pure-original-logo.jpg\",\"contentUrl\":\"https:\\\/\\\/cdn.diffuse.nl\\\/pure-original\\\/uploads\\\/2022\\\/10\\\/pure-original-logo.jpg\",\"width\":1200,\"height\":630,\"caption\":\"Pure & Original\"},\"image\":{\"@id\":\"https:\\\/\\\/www.pure-original.com\\\/#\\\/schema\\\/logo\\\/image\\\/\"}}]}<\/script>\n<!-- \/ Yoast SEO plugin. -->","yoast_head_json":{"title":"Produits de peinture pr\u00e9paratoire - Pure & Original","description":"Avant d'appliquer de la peinture pour sol, de la peinture \u00e0 la craie, de la peinture \u00e0 la chaux ou de la peinture de fa\u00e7ade, il est important de pr\u00e9parer les surfaces. Voir nos sp\u00e9ciaux.","robots":{"index":"index","follow":"follow","max-snippet":"max-snippet:-1","max-image-preview":"max-image-preview:large","max-video-preview":"max-video-preview:-1"},"canonical":"https:\/\/www.pure-original.com\/fr\/produits-preparatoires\/","og_locale":"fr_FR","og_type":"article","og_title":"Produits de peinture pr\u00e9paratoire - Pure & Original","og_description":"Avant d'appliquer de la peinture pour sol, de la peinture \u00e0 la craie, de la peinture \u00e0 la chaux ou de la peinture de fa\u00e7ade, il est important de pr\u00e9parer les surfaces. Voir nos sp\u00e9ciaux.","og_url":"https:\/\/www.pure-original.com\/fr\/produits-preparatoires\/","og_site_name":"Pure &amp; Original","article_modified_time":"2023-05-08T11:00:59+00:00","og_image":[{"width":1707,"height":2560,"url":"https:\/\/cdn.diffuse.nl\/pure-original\/uploads\/2019\/08\/Calm-Licetto-Evelyne-Bok-004463-scaled.jpg","type":"image\/jpeg"}],"twitter_card":"summary_large_image","schema":{"@context":"https:\/\/schema.org","@graph":[{"@type":"WebPage","@id":"https:\/\/www.pure-original.com\/fr\/produits-preparatoires\/","url":"https:\/\/www.pure-original.com\/fr\/produits-preparatoires\/","name":"Produits de peinture pr\u00e9paratoire - Pure & Original","isPartOf":{"@id":"https:\/\/www.pure-original.com\/#website"},"primaryImageOfPage":{"@id":"https:\/\/www.pure-original.com\/fr\/produits-preparatoires\/#primaryimage"},"image":{"@id":"https:\/\/www.pure-original.com\/fr\/produits-preparatoires\/#primaryimage"},"thumbnailUrl":"https:\/\/cdn.diffuse.nl\/pure-original\/uploads\/2019\/08\/Calm-Licetto-Evelyne-Bok-004463-scaled.jpg","datePublished":"2022-06-27T05:38:50+00:00","dateModified":"2023-05-08T11:00:59+00:00","description":"Avant d'appliquer de la peinture pour sol, de la peinture \u00e0 la craie, de la peinture \u00e0 la chaux ou de la peinture de fa\u00e7ade, il est important de pr\u00e9parer les surfaces. Voir nos sp\u00e9ciaux.","breadcrumb":{"@id":"https:\/\/www.pure-original.com\/fr\/produits-preparatoires\/#breadcrumb"},"inLanguage":"fr-FR","potentialAction":[{"@type":"ReadAction","target":["https:\/\/www.pure-original.com\/fr\/produits-preparatoires\/"]}]},{"@type":"ImageObject","inLanguage":"fr-FR","@id":"https:\/\/www.pure-original.com\/fr\/produits-preparatoires\/#primaryimage","url":"https:\/\/cdn.diffuse.nl\/pure-original\/uploads\/2019\/08\/Calm-Licetto-Evelyne-Bok-004463-scaled.jpg","contentUrl":"https:\/\/cdn.diffuse.nl\/pure-original\/uploads\/2019\/08\/Calm-Licetto-Evelyne-Bok-004463-scaled.jpg","width":1707,"height":2560,"caption":"Licetto Calm Credits: Evelyne Bok"},{"@type":"BreadcrumbList","@id":"https:\/\/www.pure-original.com\/fr\/produits-preparatoires\/#breadcrumb","itemListElement":[{"@type":"ListItem","position":1,"name":"Home","item":"https:\/\/www.pure-original.com\/fr\/"},{"@type":"ListItem","position":2,"name":"Produits de peintures pr\u00e9paratoires"}]},{"@type":"WebSite","@id":"https:\/\/www.pure-original.com\/#website","url":"https:\/\/www.pure-original.com\/","name":"Pure &amp; Original","description":"Duurzame en ecologische verf","publisher":{"@id":"https:\/\/www.pure-original.com\/#organization"},"potentialAction":[{"@type":"SearchAction","target":{"@type":"EntryPoint","urlTemplate":"https:\/\/www.pure-original.com\/?s={search_term_string}"},"query-input":{"@type":"PropertyValueSpecification","valueRequired":true,"valueName":"search_term_string"}}],"inLanguage":"fr-FR"},{"@type":"Organization","@id":"https:\/\/www.pure-original.com\/#organization","name":"Pure & Original","url":"https:\/\/www.pure-original.com\/","logo":{"@type":"ImageObject","inLanguage":"fr-FR","@id":"https:\/\/www.pure-original.com\/#\/schema\/logo\/image\/","url":"https:\/\/cdn.diffuse.nl\/pure-original\/uploads\/2022\/10\/pure-original-logo.jpg","contentUrl":"https:\/\/cdn.diffuse.nl\/pure-original\/uploads\/2022\/10\/pure-original-logo.jpg","width":1200,"height":630,"caption":"Pure & Original"},"image":{"@id":"https:\/\/www.pure-original.com\/#\/schema\/logo\/image\/"}}]}},"_links":{"self":[{"href":"https:\/\/www.pure-original.com\/fr\/wp-json\/wp\/v2\/pages\/11178","targetHints":{"allow":["GET"]}}],"collection":[{"href":"https:\/\/www.pure-original.com\/fr\/wp-json\/wp\/v2\/pages"}],"about":[{"href":"https:\/\/www.pure-original.com\/fr\/wp-json\/wp\/v2\/types\/page"}],"author":[{"embeddable":true,"href":"https:\/\/www.pure-original.com\/fr\/wp-json\/wp\/v2\/users\/7"}],"replies":[{"embeddable":true,"href":"https:\/\/www.pure-original.com\/fr\/wp-json\/wp\/v2\/comments?post=11178"}],"version-history":[{"count":3,"href":"https:\/\/www.pure-original.com\/fr\/wp-json\/wp\/v2\/pages\/11178\/revisions"}],"predecessor-version":[{"id":26783,"href":"https:\/\/www.pure-original.com\/fr\/wp-json\/wp\/v2\/pages\/11178\/revisions\/26783"}],"wp:featuredmedia":[{"embeddable":true,"href":"https:\/\/www.pure-original.com\/fr\/wp-json\/wp\/v2\/media\/7742"}],"wp:attachment":[{"href":"https:\/\/www.pure-original.com\/fr\/wp-json\/wp\/v2\/media?parent=11178"}],"curies":[{"name":"wp","href":"https:\/\/api.w.org\/{rel}","templated":true}]}}